{"id":104,"date":"2018-08-30T15:41:42","date_gmt":"2018-08-30T13:41:42","guid":{"rendered":"http:\/\/xn--arb-dma.fr\/?page_id=104"},"modified":"2022-02-22T08:28:24","modified_gmt":"2022-02-22T07:28:24","slug":"boutique","status":"publish","type":"page","link":"https:\/\/xn--arb-dma.fr\/?page_id=104","title":{"rendered":"La Boutique"},"content":{"rendered":"<p>Nous vous accueillons dans notre <span style=\"color: #000000;\">Boutique<\/span>, o\u00f9 vous trouverez un large choix de textile \u00e0 personnaliser selon vos envies.<\/p>\n<p>Nous sommes \u00e0 votre disposition pour r\u00e9pondre \u00e0 toutes vos demandes.<\/p>\n<p><strong><em>Nos horaires d&rsquo;ouverture:<br \/>\n<\/em><\/strong><\/p>\n<p><em>Voici nos nouveaux horaires d&rsquo;ouverture<\/em><\/p>\n<p>Lundi : Ferm\u00e9<\/p>\n<p>Mardi : 9h00 &#8211; 12h00 \/ 14h00 &#8211; 19h00<\/p>\n<p>Mercredi : 9h00 &#8211; 12h00 \/ 14h00 &#8211; 19h00<\/p>\n<p>Jeudi : 9h00 &#8211; 12h00 \/ 14h00 &#8211; 19h00<\/p>\n<p>Vendredi : 9h00 &#8211; 12h00 \/ 14h00 &#8211; 19h00<\/p>\n<p>Samedi : 9h00 \/ 12h00<\/p>\n<p>N&rsquo;h\u00e9sitez pas \u00e0 nous rendre visite, on vous attend nombreux !<\/p>\n<p>Tel:<tcxspan tcxhref=\"0474803795\" title=\"Call  04 74 80 37 95 via 3CX\"> 04 74 80 37 95<\/tcxspan><\/p>\n<p><iframe width=\"100%\" height=\"600\" style=\"border: 0;\" src=\"https:\/\/www.google.com\/maps\/embed?pb=!1m18!1m12!1m3!1d1946.866676952174!2d5.442908463859715!3d45.56374822783992!2m3!1f0!2f0!3f0!3m2!1i1024!2i768!4f13.1!3m3!1m2!1s0x478b23f48eea36d9%3A0x7e1153f453ed26eb!2zQXJiw6k!5e0!3m2!1sfr!2sfr!4v1535636726428\" frameborder=\"0\" allowfullscreen=\"allowfullscreen\"><\/iframe><\/p>\n","protected":false},"excerpt":{"rendered":"<p>Nous vous accueillons dans notre Boutique, o\u00f9 vous trouverez un large choix de textile \u00e0 personnaliser selon vos envies. Nous sommes \u00e0 votre disposition pour r\u00e9pondre \u00e0 toutes vos demandes. Nos horaires d&rsquo;ouverture: Voici nos nouveaux horaires d&rsquo;ouverture Lundi : Ferm\u00e9 Mardi : 9h00 &#8211; 12h00 \/ 14h00 &#8211; 19h00<a class=\"moretag\" href=\"https:\/\/xn--arb-dma.fr\/?page_id=104\"> Lire la suite<\/a><\/p>\n","protected":false},"author":1,"featured_media":0,"parent":0,"menu_order":0,"comment_status":"closed","ping_status":"closed","template":"","meta":[],"_links":{"self":[{"href":"https:\/\/xn--arb-dma.fr\/index.php?rest_route=\/wp\/v2\/pages\/104"}],"collection":[{"href":"https:\/\/xn--arb-dma.fr\/index.php?rest_route=\/wp\/v2\/pages"}],"about":[{"href":"https:\/\/xn--arb-dma.fr\/index.php?rest_route=\/wp\/v2\/types\/page"}],"author":[{"embeddable":true,"href":"https:\/\/xn--arb-dma.fr\/index.php?rest_route=\/wp\/v2\/users\/1"}],"replies":[{"embeddable":true,"href":"https:\/\/xn--arb-dma.fr\/index.php?rest_route=%2Fwp%2Fv2%2Fcomments&post=104"}],"version-history":[{"count":8,"href":"https:\/\/xn--arb-dma.fr\/index.php?rest_route=\/wp\/v2\/pages\/104\/revisions"}],"predecessor-version":[{"id":294,"href":"https:\/\/xn--arb-dma.fr\/index.php?rest_route=\/wp\/v2\/pages\/104\/revisions\/294"}],"wp:attachment":[{"href":"https:\/\/xn--arb-dma.fr\/index.php?rest_route=%2Fwp%2Fv2%2Fmedia&parent=104"}],"curies":[{"name":"wp","href":"https:\/\/api.w.org\/{rel}","templated":true}]}}