{"id":279,"date":"2021-01-20T14:16:13","date_gmt":"2021-01-20T13:16:13","guid":{"rendered":"http:\/\/xn--arb-dma.fr\/?page_id=279"},"modified":"2021-01-20T14:42:22","modified_gmt":"2021-01-20T13:42:22","slug":"arbe-vetement","status":"publish","type":"page","link":"https:\/\/xn--arb-dma.fr\/?page_id=279","title":{"rendered":"Arb\u00e9 V\u00eatement"},"content":{"rendered":"\n<p>En 2020, Arb\u00e9 continue sont d\u00e9veloppement \u00e0 travers la confection de v\u00eatement 100% made in France. <\/p>\n\n\n\n<p>Nous nous appuyons uniquement sur des fournisseurs fran\u00e7ais qui s&rsquo;inscrit dans notre d\u00e9marche de \u00ab\u00a0production\/consommation locale\u00a0\u00bb . <\/p>\n\n\n\n<p>Les v\u00eatement sont r\u00e9alis\u00e9 de A \u00e0 Z dans nos locaux de Dolomieu. De la conception \u00e0 la finition, toutes les \u00e9tapes sont r\u00e9alis\u00e9es par l&rsquo;\u00e9quipe d&rsquo;Arb\u00e9. <\/p>\n\n\n\n<p>Retrouvez tous nos produits disponible \u00e0 la vente sur notre Boutique en ligne. <\/p>\n\n\n\n<div class=\"wp-block-columns\">\n<div class=\"wp-block-column\">\n<div class=\"wp-block-buttons\">\n<div class=\"wp-block-button\"><a class=\"wp-block-button__link\" href=\"https:\/\/arbe-boutique.fr\/\">Boutique en Ligne<\/a><\/div>\n<\/div>\n<\/div>\n\n\n\n<div class=\"wp-block-column\">\n<figure class=\"wp-block-image size-large is-style-rounded\"><img loading=\"lazy\" width=\"550\" height=\"320\" src=\"http:\/\/xn--arb-dma.fr\/wp-content\/uploads\/2021\/01\/fabrique_france_Logo.png\" alt=\"\" class=\"wp-image-283\" srcset=\"https:\/\/xn--arb-dma.fr\/wp-content\/uploads\/2021\/01\/fabrique_france_Logo.png 550w, https:\/\/xn--arb-dma.fr\/wp-content\/uploads\/2021\/01\/fabrique_france_Logo-300x175.png 300w\" sizes=\"(max-width: 550px) 100vw, 550px\" \/><\/figure>\n<\/div>\n<\/div>\n","protected":false},"excerpt":{"rendered":"<p>En 2020, Arb\u00e9 continue sont d\u00e9veloppement \u00e0 travers la confection de v\u00eatement 100% made in France. Nous nous appuyons uniquement sur des fournisseurs fran\u00e7ais qui s&rsquo;inscrit dans notre d\u00e9marche de \u00ab\u00a0production\/consommation locale\u00a0\u00bb . Les v\u00eatement sont r\u00e9alis\u00e9 de A \u00e0 Z dans nos locaux de Dolomieu. De la conception \u00e0<a class=\"moretag\" href=\"https:\/\/xn--arb-dma.fr\/?page_id=279\"> Lire la suite<\/a><\/p>\n","protected":false},"author":1,"featured_media":0,"parent":0,"menu_order":0,"comment_status":"closed","ping_status":"closed","template":"","meta":[],"_links":{"self":[{"href":"https:\/\/xn--arb-dma.fr\/index.php?rest_route=\/wp\/v2\/pages\/279"}],"collection":[{"href":"https:\/\/xn--arb-dma.fr\/index.php?rest_route=\/wp\/v2\/pages"}],"about":[{"href":"https:\/\/xn--arb-dma.fr\/index.php?rest_route=\/wp\/v2\/types\/page"}],"author":[{"embeddable":true,"href":"https:\/\/xn--arb-dma.fr\/index.php?rest_route=\/wp\/v2\/users\/1"}],"replies":[{"embeddable":true,"href":"https:\/\/xn--arb-dma.fr\/index.php?rest_route=%2Fwp%2Fv2%2Fcomments&post=279"}],"version-history":[{"count":2,"href":"https:\/\/xn--arb-dma.fr\/index.php?rest_route=\/wp\/v2\/pages\/279\/revisions"}],"predecessor-version":[{"id":288,"href":"https:\/\/xn--arb-dma.fr\/index.php?rest_route=\/wp\/v2\/pages\/279\/revisions\/288"}],"wp:attachment":[{"href":"https:\/\/xn--arb-dma.fr\/index.php?rest_route=%2Fwp%2Fv2%2Fmedia&parent=279"}],"curies":[{"name":"wp","href":"https:\/\/api.w.org\/{rel}","templated":true}]}}