{"id":30,"date":"2018-08-29T15:35:07","date_gmt":"2018-08-29T13:35:07","guid":{"rendered":"http:\/\/xn--arb-dma.fr\/?page_id=30"},"modified":"2021-01-20T15:21:39","modified_gmt":"2021-01-20T14:21:39","slug":"a-propos-de","status":"publish","type":"page","link":"https:\/\/xn--arb-dma.fr\/?page_id=30","title":{"rendered":"Arb\u00e9"},"content":{"rendered":"<p><strong>Arb\u00e9<\/strong> est une marque distribu\u00e9e par la Soci\u00e9t\u00e9 AGEA.<\/p>\n<p>C&rsquo;est en 2014 que la marque Arb\u00e9 voit le jour. AGEA a fait le choix de se diversifier et propose d\u00e9sormais de la vente de v\u00eatements et objets personnalis\u00e9s pour les particuliers, professionnels et associations.&nbsp;<\/p>\n<p>La m\u00eame ann\u00e9e, une Boutique \u00a0\u00bbArb\u00e9\u00a0\u00bb est ouverte dans le centre de La Tour du Pin. Elle permet ainsi d\u2019accueillir nos clients sur l&rsquo;activit\u00e9 de marquage personnalis\u00e9.&nbsp;&nbsp;<\/p>\n<p>AGEA est une Entreprise Adapt\u00e9e sp\u00e9cialis\u00e9e, \u00e0 l&rsquo;origine, dans la<strong> sous-traitance industrielle<\/strong> (assemblage, montage de pi\u00e8ces plastiques, composants pneumatiques, &#8230;).<\/p>\n<p>Elle est cr\u00e9\u00e9e en 2011 par G\u00e9rald Rousset. Elle est alors, \u00e0 ses d\u00e9buts, situ\u00e9e \u00e0 La Tour du Pin en Is\u00e8re.&nbsp;<\/p>\n<p>En 2017, li\u00e9 \u00e0 son d\u00e9veloppement, les locaux sont d\u00e9plac\u00e9s \u00e0 Dolomieu en Is\u00e8re. La boutique reste dans le centre de La Tour du Pin.&nbsp;<\/p>\n<p>En 2018, AGEA s&rsquo;est lanc\u00e9e un nouveau d\u00e9fi : la cr\u00e9ation de bougies parfum\u00e9es 100% naturelles. Ces derni\u00e8res sont distribu\u00e9es sous la marque \u00ab\u00a0Senteurs d&rsquo;Arb\u00e9\u00a0\u00bb et en vente sur notre site internet ainsi que dans notre boutique.&nbsp;<\/p>\n\n\n<p>En 2020, dans la suite logique de son d\u00e9veloppement, AGEA lance le d\u00e9veloppement et la fabrication de sa propre ligne de v\u00eatement sous sa marque Arb\u00e9. Une ligne de v\u00eatement 100% fran\u00e7ais, con\u00e7u et assembl\u00e9 dans notre atelier de Dolomieu. Dans une d\u00e9marche \u00e9co-responsable, tous nos fournisseur sont situ\u00e9 en France.  <\/p>\n\n\n\n<div class=\"wp-block-image\"><figure class=\"aligncenter is-resized\"><img loading=\"lazy\" src=\"http:\/\/xn--arb-dma.fr\/wp-content\/uploads\/2018\/08\/Logo-arb\u00e9-marquage-personnalis\u00e9-1-1024x624.png\" alt=\"\" class=\"wp-image-57\" width=\"194\" height=\"118\" srcset=\"https:\/\/xn--arb-dma.fr\/wp-content\/uploads\/2018\/08\/Logo-arb\u00e9-marquage-personnalis\u00e9-1-1024x624.png 1024w, https:\/\/xn--arb-dma.fr\/wp-content\/uploads\/2018\/08\/Logo-arb\u00e9-marquage-personnalis\u00e9-1-300x183.png 300w, https:\/\/xn--arb-dma.fr\/wp-content\/uploads\/2018\/08\/Logo-arb\u00e9-marquage-personnalis\u00e9-1-768x468.png 768w, https:\/\/xn--arb-dma.fr\/wp-content\/uploads\/2018\/08\/Logo-arb\u00e9-marquage-personnalis\u00e9-1-830x506.png 830w, https:\/\/xn--arb-dma.fr\/wp-content\/uploads\/2018\/08\/Logo-arb\u00e9-marquage-personnalis\u00e9-1-230x140.png 230w, https:\/\/xn--arb-dma.fr\/wp-content\/uploads\/2018\/08\/Logo-arb\u00e9-marquage-personnalis\u00e9-1-350x213.png 350w, https:\/\/xn--arb-dma.fr\/wp-content\/uploads\/2018\/08\/Logo-arb\u00e9-marquage-personnalis\u00e9-1-480x292.png 480w\" sizes=\"(max-width: 194px) 100vw, 194px\" \/><\/figure><\/div>\n\n\n\n<div class=\"wp-block-image\"><figure class=\"aligncenter is-resized\"><img loading=\"lazy\" src=\"http:\/\/xn--arb-dma.fr\/wp-content\/uploads\/2020\/02\/logo-agea-2017-1024x489.png\" alt=\"\" class=\"wp-image-234\" width=\"183\" height=\"87\" srcset=\"https:\/\/xn--arb-dma.fr\/wp-content\/uploads\/2020\/02\/logo-agea-2017-1024x489.png 1024w, https:\/\/xn--arb-dma.fr\/wp-content\/uploads\/2020\/02\/logo-agea-2017-300x143.png 300w, https:\/\/xn--arb-dma.fr\/wp-content\/uploads\/2020\/02\/logo-agea-2017-768x367.png 768w\" sizes=\"(max-width: 183px) 100vw, 183px\" \/><\/figure><\/div>\n\n\n\n<h2><\/h2>\n","protected":false},"excerpt":{"rendered":"<p>Arb\u00e9 est une marque distribu\u00e9e par la Soci\u00e9t\u00e9 AGEA. C&rsquo;est en 2014 que la marque Arb\u00e9 voit le jour. AGEA a fait le choix de se diversifier et propose d\u00e9sormais de la vente de v\u00eatements et objets personnalis\u00e9s pour les particuliers, professionnels et associations.&nbsp; La m\u00eame ann\u00e9e, une Boutique \u00a0\u00bbArb\u00e9\u00a0\u00bb<a class=\"moretag\" href=\"https:\/\/xn--arb-dma.fr\/?page_id=30\"> Lire la suite<\/a><\/p>\n","protected":false},"author":1,"featured_media":0,"parent":0,"menu_order":0,"comment_status":"open","ping_status":"closed","template":"","meta":[],"_links":{"self":[{"href":"https:\/\/xn--arb-dma.fr\/index.php?rest_route=\/wp\/v2\/pages\/30"}],"collection":[{"href":"https:\/\/xn--arb-dma.fr\/index.php?rest_route=\/wp\/v2\/pages"}],"about":[{"href":"https:\/\/xn--arb-dma.fr\/index.php?rest_route=\/wp\/v2\/types\/page"}],"author":[{"embeddable":true,"href":"https:\/\/xn--arb-dma.fr\/index.php?rest_route=\/wp\/v2\/users\/1"}],"replies":[{"embeddable":true,"href":"https:\/\/xn--arb-dma.fr\/index.php?rest_route=%2Fwp%2Fv2%2Fcomments&post=30"}],"version-history":[{"count":18,"href":"https:\/\/xn--arb-dma.fr\/index.php?rest_route=\/wp\/v2\/pages\/30\/revisions"}],"predecessor-version":[{"id":290,"href":"https:\/\/xn--arb-dma.fr\/index.php?rest_route=\/wp\/v2\/pages\/30\/revisions\/290"}],"wp:attachment":[{"href":"https:\/\/xn--arb-dma.fr\/index.php?rest_route=%2Fwp%2Fv2%2Fmedia&parent=30"}],"curies":[{"name":"wp","href":"https:\/\/api.w.org\/{rel}","templated":true}]}}