{"id":31,"date":"2018-08-29T15:35:07","date_gmt":"2018-08-29T13:35:07","guid":{"rendered":"http:\/\/xn--arb-dma.fr\/?page_id=31"},"modified":"2021-01-19T15:13:34","modified_gmt":"2021-01-19T14:13:34","slug":"contact","status":"publish","type":"page","link":"https:\/\/xn--arb-dma.fr\/?page_id=31","title":{"rendered":"Contact"},"content":{"rendered":"<h1>USINE<\/h1>\n<p><em>Rousset G\u00e9rald ou Rousset Gr\u00e9goire\u00a0<\/em><\/p>\n<p><em><strong>Horaires d&rsquo;ouverture :\u00a0<\/strong><\/em><\/p>\n<p>Du lundi au jeudi de 8h30 \u00e0 17h00 et le vendredi de 8h30 \u00e0 12h30.<\/p>\n<p><strong>Num\u00e9ro de t\u00e9l\u00e9phone<\/strong> :<tcxspan tcxhref=\"0967140888\" title=\"Call  09 67 14 08 88 via 3CX\"> 09 67 14 08 88<\/tcxspan><\/p>\n<p><strong>E-mail<\/strong> : contact@agea-entreprise.fr<\/p>\n<p><iframe width=\"100%\" height=\"600\" style=\"border: 0;\" src=\"https:\/\/www.google.com\/maps\/embed?pb=!1m18!1m12!1m3!1d2497.019694829828!2d5.45940830000001!3d45.6166168!2m3!1f0!2f0!3f0!3m2!1i1024!2i768!4f13.1!3m3!1m2!1s0x478b2351dbbf0f81%3A0xe9952a3ed88ff20b!2s450+Route+de+Bordenoud%2C+38110+Dolomieu!5e0!3m2!1sfr!2sfr!4v1535636035245\" frameborder=\"0\" allowfullscreen=\"allowfullscreen\"><\/iframe><\/p>\n<h1>BOUTIQUE<\/h1>\n<p><em>En raison des nouvelles restrictions, en lien avec le couvre-feu \u00e0 18h, les horaires ont \u00e9t\u00e9 modifi\u00e9s. Nous vous remercions de votre compr\u00e9hension<\/em><\/p>\n<p><em><strong>Horaires d&rsquo;ouverture<\/strong> <\/em>:<\/p>\n<p>Lundi : Ferm\u00e9<\/p>\n<p>Mardi : 9h00 &#8211; 12h00 \/ 14h00 &#8211; 18h00<\/p>\n<p>Mercredi : 9h00 &#8211; 12h00 \/ 14h00 &#8211; 18h00<\/p>\n<p>Jeudi : 9h00 &#8211; 12h00 \/ 14h00 &#8211; 18h00<\/p>\n<p>Vendredi : 9h00 &#8211; 12h00 \/ 14h00 &#8211; 18h00<\/p>\n<p>Samedi : 9h30 \/ 12h00<\/p>\n<p><strong>Num\u00e9ro de t\u00e9l\u00e9phone<\/strong> :<tcxspan tcxhref=\"0474803795\" title=\"Call  04 74 80 37 95 via 3CX\"> 04 74 80 37 95<\/tcxspan><\/p>\n","protected":false},"excerpt":{"rendered":"<p>USINE Rousset G\u00e9rald ou Rousset Gr\u00e9goire\u00a0 Horaires d&rsquo;ouverture :\u00a0 Du lundi au jeudi de 8h30 \u00e0 17h00 et le vendredi de 8h30 \u00e0 12h30. Num\u00e9ro de t\u00e9l\u00e9phone : 09 67 14 08 88 E-mail : contact@agea-entreprise.fr BOUTIQUE En raison des nouvelles restrictions, en lien avec le couvre-feu \u00e0 18h, les<a class=\"moretag\" href=\"https:\/\/xn--arb-dma.fr\/?page_id=31\"> Lire la suite<\/a><\/p>\n","protected":false},"author":1,"featured_media":0,"parent":0,"menu_order":0,"comment_status":"closed","ping_status":"closed","template":"","meta":[],"_links":{"self":[{"href":"https:\/\/xn--arb-dma.fr\/index.php?rest_route=\/wp\/v2\/pages\/31"}],"collection":[{"href":"https:\/\/xn--arb-dma.fr\/index.php?rest_route=\/wp\/v2\/pages"}],"about":[{"href":"https:\/\/xn--arb-dma.fr\/index.php?rest_route=\/wp\/v2\/types\/page"}],"author":[{"embeddable":true,"href":"https:\/\/xn--arb-dma.fr\/index.php?rest_route=\/wp\/v2\/users\/1"}],"replies":[{"embeddable":true,"href":"https:\/\/xn--arb-dma.fr\/index.php?rest_route=%2Fwp%2Fv2%2Fcomments&post=31"}],"version-history":[{"count":9,"href":"https:\/\/xn--arb-dma.fr\/index.php?rest_route=\/wp\/v2\/pages\/31\/revisions"}],"predecessor-version":[{"id":274,"href":"https:\/\/xn--arb-dma.fr\/index.php?rest_route=\/wp\/v2\/pages\/31\/revisions\/274"}],"wp:attachment":[{"href":"https:\/\/xn--arb-dma.fr\/index.php?rest_route=%2Fwp%2Fv2%2Fmedia&parent=31"}],"curies":[{"name":"wp","href":"https:\/\/api.w.org\/{rel}","templated":true}]}}