{"id":68,"date":"2018-08-29T16:38:52","date_gmt":"2018-08-29T14:38:52","guid":{"rendered":"http:\/\/xn--arb-dma.fr\/?page_id=68"},"modified":"2021-01-20T15:28:48","modified_gmt":"2021-01-20T14:28:48","slug":"savoir-faire","status":"publish","type":"page","link":"https:\/\/xn--arb-dma.fr\/?page_id=68","title":{"rendered":"Savoir-Faire"},"content":{"rendered":"\n<p>Arb\u00e9 est une marque sp\u00e9cialis\u00e9e dans la vente de v\u00eatements et objets personnalis\u00e9s. <\/p>\n\n\n\n<p>_ Nous proposons diff\u00e9rents types de marquages sur textiles et objets adapt\u00e9s \u00e0 votre demande et au support utilis\u00e9. <\/p>\n\n\n\n<p><strong>Marquage textile:<\/strong> Broderie, Flex &amp; Flex Imprimable, Sublimation, Transfert s\u00e9r\u00e9graphique Laser et Gravure Laser.<\/p>\n\n\n\n<p><strong>Marquage objet: <\/strong> Gravure laser, tampographie, &#8230;<\/p>\n\n\n\n<p>Via notre marque, Arb\u00e9, nous sommes en mesure de fournir tous les textiles et objets souhait\u00e9s.<\/p>\n\n\n\n<p> <strong><em>Les V\u00eatements<\/em><\/strong>: tee-shirts, polo, sweat-shirt, chemise, jogging , pantalons, enfant et b\u00e9b\u00e9, bagagerie, accessoires, &#8230;, adapter \u00e0 toutes vos utilisations: publicit\u00e9, sport, travail, mode, &#8230; <\/p>\n\n\n\n<p><strong><em>Les Objets<\/em><\/strong>: cl\u00e9s USB, stylos, porte-cl\u00e9s, gobelets r\u00e9utilisables, tour de cou, couteau, mug, &#8230;<\/p>\n\n\n\n<p>_ Nous proposons \u00e9galement \u00e0 la vente via notre marque Arb\u00e9, la vente de v\u00eatement 100% made in fran\u00e7ais. De la conception \u00e0 la finition, tous les v\u00eatement sont r\u00e9alis\u00e9 dans notre atelier de Dolomieu. <\/p>\n\n\n\n<p>Tous les v\u00eatements de notre gamme Arb\u00e9 sont personnalisable sur demande (ex: couleur zip, tirant zip, couleur des manches diff\u00e9rente du corps, broderie, marquage, &#8230;) <\/p>\n\n\n\n<p>Nous sommes \u00e0 votre \u00e9coute pour r\u00e9pondre au mieux \u00e0 toutes vos demandes. N&rsquo;h\u00e9sitez pas \u00e0 prendre contact avec nous via notre rubrique \u00ab\u00a0<strong>Contact<\/strong>\u00a0\u00bb ou sur la page d&rsquo;accueil du site. <\/p>\n","protected":false},"excerpt":{"rendered":"<p>Arb\u00e9 est une marque sp\u00e9cialis\u00e9e dans la vente de v\u00eatements et objets personnalis\u00e9s. _ Nous proposons diff\u00e9rents types de marquages sur textiles et objets adapt\u00e9s \u00e0 votre demande et au support utilis\u00e9. Marquage textile: Broderie, Flex &amp; Flex Imprimable, Sublimation, Transfert s\u00e9r\u00e9graphique Laser et Gravure Laser. Marquage objet: Gravure laser,<a class=\"moretag\" href=\"https:\/\/xn--arb-dma.fr\/?page_id=68\"> Lire la suite<\/a><\/p>\n","protected":false},"author":1,"featured_media":0,"parent":0,"menu_order":0,"comment_status":"closed","ping_status":"closed","template":"","meta":[],"_links":{"self":[{"href":"https:\/\/xn--arb-dma.fr\/index.php?rest_route=\/wp\/v2\/pages\/68"}],"collection":[{"href":"https:\/\/xn--arb-dma.fr\/index.php?rest_route=\/wp\/v2\/pages"}],"about":[{"href":"https:\/\/xn--arb-dma.fr\/index.php?rest_route=\/wp\/v2\/types\/page"}],"author":[{"embeddable":true,"href":"https:\/\/xn--arb-dma.fr\/index.php?rest_route=\/wp\/v2\/users\/1"}],"replies":[{"embeddable":true,"href":"https:\/\/xn--arb-dma.fr\/index.php?rest_route=%2Fwp%2Fv2%2Fcomments&post=68"}],"version-history":[{"count":6,"href":"https:\/\/xn--arb-dma.fr\/index.php?rest_route=\/wp\/v2\/pages\/68\/revisions"}],"predecessor-version":[{"id":292,"href":"https:\/\/xn--arb-dma.fr\/index.php?rest_route=\/wp\/v2\/pages\/68\/revisions\/292"}],"wp:attachment":[{"href":"https:\/\/xn--arb-dma.fr\/index.php?rest_route=%2Fwp%2Fv2%2Fmedia&parent=68"}],"curies":[{"name":"wp","href":"https:\/\/api.w.org\/{rel}","templated":true}]}}